{"id":115,"date":"2024-12-24T16:52:09","date_gmt":"2024-12-24T15:52:09","guid":{"rendered":"https:\/\/nobatek.lacooperativedesinternets.fr\/en\/?page_id=115"},"modified":"2026-01-29T15:25:34","modified_gmt":"2026-01-29T14:25:34","slug":"working-with-us","status":"publish","type":"page","link":"https:\/\/www.nobatek.com\/en\/about-us\/working-with-us\/","title":{"rendered":"Working with us"},"content":{"rendered":"\n<div class=\"wp-block-coopi-section\">\n<div class=\"wp-block-coopi-hero-title\"><h2 class=\"wp-block-coopi-hero-title__title\"><em class=\"wp-block-coopi-hero-title__prefix\" title=\"displayPrefix\"><\/em><span class=\"wp-block-coopi-hero-title__title\" title=\"displayTitle\">Through our services or responses to calls for R&amp;D projects, you will benefit from a team at the forefront of the industry, with cross-disciplinary skills reinforced by continuous scientific development.<\/span><\/h2><\/div>\n<\/div>\n\n\n\n<div class=\"wp-block-coopi-section\">\n<h2 class=\"wp-block-heading has-text-align-center\">Our services<\/h2>\n\n\n\n<p class=\"has-text-align-center\"><\/p>\n\n\n\n<div class=\"wp-block-coopi-links\">\n<div class=\"wp-block-coopi-link\"><span class=\"wp-block-coopi-link__title\" title=\"displayTitle\">Product development and support for market launch<\/span>\n<p>Support for design, modelling, testing, FDES (environmental declaration), ATEx : from concept to market<\/p>\n<\/div>\n\n\n\n<div class=\"wp-block-coopi-link\"><span class=\"wp-block-coopi-link__title\" title=\"displayTitle\">Project management assistance and engineering<\/span>\n<p>Energy, environment, circular economy, cooling comfort, resilience, innovation<\/p>\n<\/div>\n\n\n\n<div class=\"wp-block-coopi-link\"><span class=\"wp-block-coopi-link__title\" title=\"displayTitle\">Advice and tools for organisations <\/span>\n<p>Strategic support, software development and leading collective initiatives<\/p>\n<\/div>\n<\/div>\n<\/div>\n\n\n\n<div class=\"wp-block-coopi-section\">\n<div class=\"wp-block-coopi-gallery\">\n<div class=\"wp-block-coopi-gallery-item\"><span class=\"wp-block-coopi-gallery-item__title\" title=\"displayTitle\"><\/span>\n<figure class=\"wp-block-coopi-image\"><img loading=\"lazy\" decoding=\"async\" width=\"800\" height=\"1066\" src=\"https:\/\/www.nobatek.com\/app\/uploads\/2024\/08\/PXL_20230330_140730102_low.jpg\" alt=\"panneaux terre laine paco\" class=\"wp-image-542\" \/><\/figure>\n<\/div>\n\n\n\n<div class=\"wp-block-coopi-gallery-item\"><span class=\"wp-block-coopi-gallery-item__title\" title=\"displayTitle\"><\/span>\n<figure class=\"wp-block-coopi-image\"><img loading=\"lazy\" decoding=\"async\" width=\"1600\" height=\"900\" src=\"https:\/\/www.nobatek.com\/app\/uploads\/2026\/01\/NOBATEK-laboratoire_energie.jpg\" alt=\"Saed Raji qui travaille dans le laboratoire de syst\u00e8mes \u00e9nerg\u00e9tiques \u00e0 NOBATEK\" class=\"wp-image-846\" \/><\/figure>\n<\/div>\n\n\n\n<div class=\"wp-block-coopi-gallery-item\"><span class=\"wp-block-coopi-gallery-item__title\" title=\"displayTitle\"><\/span>\n<figure class=\"wp-block-coopi-image\"><img loading=\"lazy\" decoding=\"async\" width=\"1000\" height=\"750\" src=\"https:\/\/www.nobatek.com\/app\/uploads\/2024\/08\/IELO_low.jpg\" alt=\"insufflation de paille hach\u00e9e par Ielo\" class=\"wp-image-545\" \/><\/figure>\n<\/div>\n\n\n\n<div class=\"wp-block-coopi-gallery-item\"><span class=\"wp-block-coopi-gallery-item__title\" title=\"displayTitle\"><\/span>\n<figure class=\"wp-block-coopi-image\"><img loading=\"lazy\" decoding=\"async\" width=\"1200\" height=\"518\" src=\"https:\/\/www.nobatek.com\/app\/uploads\/2024\/08\/cd_Guiraud-Manenc-Architecture_3.jpg\" alt=\"R\u00e9novation du march\u00e9 couvert de Capbreton\" class=\"wp-image-546\" \/><\/figure>\n<\/div>\n\n\n\n<div class=\"wp-block-coopi-gallery-item\"><span class=\"wp-block-coopi-gallery-item__title\" title=\"displayTitle\"><\/span>\n<figure class=\"wp-block-coopi-image\"><img loading=\"lazy\" decoding=\"async\" width=\"539\" height=\"521\" src=\"https:\/\/www.nobatek.com\/app\/uploads\/2024\/08\/1721142089618.jpg\" alt=\"r\u00e9union d'\u00e9quipe nobatek\" class=\"wp-image-547\" \/><\/figure>\n<\/div>\n\n\n\n<div class=\"wp-block-coopi-gallery-item\"><span class=\"wp-block-coopi-gallery-item__title\" title=\"displayTitle\"><\/span>\n<figure class=\"wp-block-coopi-image\"><img loading=\"lazy\" decoding=\"async\" width=\"675\" height=\"903\" src=\"https:\/\/www.nobatek.com\/app\/uploads\/2026\/01\/NOBATEK_manipulation_carre.jpg\" alt=\"L'\u00e9quipe mat\u00e9riaux et syst\u00e8mes constructifs de NOBATEK en train d'installer les plaques de panneaux de rev\u00eatement int\u00e9rieur terre laine PACO\" class=\"wp-image-847\" \/><\/figure>\n<\/div>\n\n\n\n<div class=\"wp-block-coopi-gallery-item\"><span class=\"wp-block-coopi-gallery-item__title\" title=\"displayTitle\"><\/span>\n<figure class=\"wp-block-coopi-image\"><img loading=\"lazy\" decoding=\"async\" width=\"800\" height=\"450\" src=\"https:\/\/www.nobatek.com\/app\/uploads\/2024\/08\/ABMI.jpg\" alt=\"panneaux solaires\" class=\"wp-image-548\" \/><\/figure>\n<\/div>\n<\/div>\n<\/div>\n\n\n\n<div class=\"wp-block-coopi-section\">\n<h2 class=\"wp-block-heading has-text-align-center\">The two ways of working together<\/h2>\n\n\n\n<hr class=\"wp-block-coopi-separator\" \/>\n\n\n\n<div class=\"wp-block-coopi-columns\">\n<div class=\"wp-block-coopi-column\">\n<h3 class=\"wp-block-heading\">Services<\/h3>\n\n\n\n<ul class=\"wp-block-list\">\n<li>For non-R&amp;D needs, e.g. project management assistance\/project management, consulting, testing, FDES (environmental declaration), etc.<\/li>\n\n\n\n<li>For R&amp;D needs, services eligible for your Research Tax Credit\/Innovation Tax Credit (we are an approved organisation), subject to the eligibility of the work.<\/li>\n<\/ul>\n<\/div>\n\n\n\n<div class=\"wp-block-coopi-column\">\n<h3 class=\"wp-block-heading\">Projects with leverage effect<\/h3>\n\n\n\n<ul class=\"wp-block-list\">\n<li>Only possible for R&amp;D purposes.<\/li>\n\n\n\n<li>Bilateral or consortium arrangement involving several parties.<\/li>\n\n\n\n<li>Possible mobilisation of public support (30% to 70%):\n<ul class=\"wp-block-list\">\n<li>Regional (AAP Nouvelle-Aquitaine Region, France 2030 regionalised, etc.)<\/li>\n\n\n\n<li>National (France 2030, AAP ADEME, ANR, Bpifrance, etc.)<\/li>\n\n\n\n<li>European (Horizon Europe, LIFE, Interreg, etc.)<\/li>\n<\/ul>\n<\/li>\n\n\n\n<li>Management by NOBATEK of the administrative aspects of setting up and reporting<\/li>\n<\/ul>\n<\/div>\n<\/div>\n<\/div>\n\n\n\n<div class=\"wp-block-coopi-section\">\n<h2 class=\"wp-block-heading has-text-align-center\">Projects references<\/h2>\n\n\n\n<hr class=\"wp-block-coopi-separator\" \/>\n\n\n<\/div>\n\n\n\n<p><\/p>\n","protected":false},"excerpt":{"rendered":"","protected":false},"author":3,"featured_media":533,"parent":78,"menu_order":0,"comment_status":"closed","ping_status":"closed","template":"","meta":{"_acf_changed":false,"footnotes":""},"class_list":["post-115","page","type-page","status-publish","has-post-thumbnail","hentry"],"acf":[],"_links":{"self":[{"href":"https:\/\/www.nobatek.com\/en\/wp-json\/wp\/v2\/pages\/115","targetHints":{"allow":["GET"]}}],"collection":[{"href":"https:\/\/www.nobatek.com\/en\/wp-json\/wp\/v2\/pages"}],"about":[{"href":"https:\/\/www.nobatek.com\/en\/wp-json\/wp\/v2\/types\/page"}],"author":[{"embeddable":true,"href":"https:\/\/www.nobatek.com\/en\/wp-json\/wp\/v2\/users\/3"}],"replies":[{"embeddable":true,"href":"https:\/\/www.nobatek.com\/en\/wp-json\/wp\/v2\/comments?post=115"}],"version-history":[{"count":0,"href":"https:\/\/www.nobatek.com\/en\/wp-json\/wp\/v2\/pages\/115\/revisions"}],"up":[{"embeddable":true,"href":"https:\/\/www.nobatek.com\/en\/wp-json\/wp\/v2\/pages\/78"}],"wp:featuredmedia":[{"embeddable":true,"href":"https:\/\/www.nobatek.com\/en\/wp-json\/wp\/v2\/media\/533"}],"wp:attachment":[{"href":"https:\/\/www.nobatek.com\/en\/wp-json\/wp\/v2\/media?parent=115"}],"curies":[{"name":"wp","href":"https:\/\/api.w.org\/{rel}","templated":true}]}}