{"id":2,"date":"2024-05-15T12:49:21","date_gmt":"2024-05-15T10:49:21","guid":{"rendered":"http:\/\/nobatek.localhost\/en\/?page_id=2"},"modified":"2026-01-28T16:21:14","modified_gmt":"2026-01-28T15:21:14","slug":"page-d-exemple","status":"publish","type":"page","link":"https:\/\/www.nobatek.com\/en\/","title":{"rendered":"Driving and facilitating change in the building industry and territories in order to build a viable future."},"content":{"rendered":"\n<div class=\"wp-block-coopi-section\">\n<h2 class=\"wp-block-heading has-text-align-center\">Our story<\/h2>\n\n\n\n<hr class=\"wp-block-separator has-alpha-channel-opacity\" \/>\n\n\n\n<div class=\"wp-block-coopi-columns\">\n<div class=\"wp-block-coopi-column\">\n<figure class=\"wp-block-coopi-image\"><img loading=\"lazy\" decoding=\"async\" width=\"800\" height=\"850\" src=\"https:\/\/www.nobatek.com\/app\/uploads\/2025\/12\/photo_equipe_2025.jpg\" alt=\"Photo des salari\u00e9s de NOBATEK en 2025\" class=\"wp-image-804\" \/><\/figure>\n<\/div>\n\n\n\n<div class=\"wp-block-coopi-column\">\n<p>As a <strong>collective and cooperative organisation<\/strong>, NOBATEK has been working for over 20 years to secure and promote transition, innovation and resilience projects throughout France.<\/p>\n\n\n\n<div class=\"wp-block-coopi-buttons\">\n<div class=\"wp-block-coopi-button\"><a class=\"wp-coopi-block-button__link wp-element-button\" href=\"https:\/\/www.nobatek.com\/en\/about-us\/who-we-are\/\">Discover our story<\/a><\/div>\n<\/div>\n<\/div>\n<\/div>\n<\/div>\n\n\n\n<div class=\"wp-block-coopi-section\">\n<h2 class=\"wp-block-heading has-text-align-center\">Our services<\/h2>\n\n\n\n<p class=\"has-text-align-center\"><\/p>\n\n\n\n<div class=\"wp-block-coopi-links\">\n<div class=\"wp-block-coopi-link\"><span class=\"wp-block-coopi-link__title\" title=\"displayTitle\">Product development and support for market launch<\/span>\n<p>Support for design, modelling, testing, FDES (environmental declaration), ATEx : from concept to market<\/p>\n<\/div>\n\n\n\n<div class=\"wp-block-coopi-link\"><span class=\"wp-block-coopi-link__title\" title=\"displayTitle\">Project management assistance and engineering<\/span>\n<p>Energy, environment, circular economy, cooling comfort, resilience, innovation<\/p>\n<\/div>\n\n\n\n<div class=\"wp-block-coopi-link\"><span class=\"wp-block-coopi-link__title\" title=\"displayTitle\">Advice and tools for organisations <\/span>\n<p>Strategic support, software development and leading collective initiatives<\/p>\n<\/div>\n<\/div>\n<\/div>\n\n\n\n<div class=\"wp-block-coopi-section\">\n<h2 class=\"wp-block-heading has-text-align-center\">Our expertises<\/h2>\n\n\n\n<hr class=\"wp-block-separator has-alpha-channel-opacity\" \/>\n\n\n\n<div class=\"wp-block-coopi-columns\">\n<div class=\"wp-block-coopi-column\">\n<figure class=\"wp-block-coopi-image\"><img loading=\"lazy\" decoding=\"async\" width=\"800\" height=\"1067\" src=\"https:\/\/www.nobatek.com\/app\/uploads\/2024\/08\/20221116_094513-1.jpg\" alt=\"laine de mouton m\u00e9lang\u00e9e avec de la terre crue\" class=\"wp-image-28\" \/><\/figure>\n\n\n\n<h3 class=\"wp-block-heading has-text-align-center\">Materials &amp; Envelope<\/h3>\n\n\n\n<ul class=\"wp-block-list\">\n<li><a href=\"https:\/\/www.nobatek.com\/en\/materials-envelops\/circular-economy-reuse-biosourced\/\" data-type=\"link\" data-id=\"https:\/\/www.nobatek.com\/en\/materials-envelops\/circular-economy-reuse-biosourced\/\">Circular economy, reuse and biosourced materials<\/a><\/li>\n\n\n\n<li><a href=\"https:\/\/www.nobatek.com\/en\/materials-envelops\/envelope-facade-off-site\/\" data-type=\"link\" data-id=\"https:\/\/www.nobatek.com\/en\/materials-envelops\/envelope-facade-off-site\/\">Envelope, facade, and off-site<\/a><\/li>\n<\/ul>\n<\/div>\n\n\n\n<div class=\"wp-block-coopi-column\">\n<figure class=\"wp-block-coopi-image\"><img loading=\"lazy\" decoding=\"async\" width=\"912\" height=\"684\" src=\"https:\/\/www.nobatek.com\/app\/uploads\/2024\/08\/Figure-5.jpg\" alt=\"laboratoire de tests chauffage, ventilation, climasation nobatek\" class=\"wp-image-30\" \/><\/figure>\n\n\n\n<h3 class=\"wp-block-heading has-text-align-center\">Energy<\/h3>\n\n\n\n<ul class=\"wp-block-list\">\n<li><a href=\"https:\/\/www.nobatek.com\/en\/energy\/data-ia-renovation-property\/\" data-type=\"link\" data-id=\"https:\/\/www.nobatek.com\/en\/energy\/data-ia-renovation-property\/\">Data, AI for renovation and property<\/a><\/li>\n\n\n\n<li><a href=\"https:\/\/www.nobatek.com\/en\/energy\/decarbonised-renewable-energy-storage\/\" data-type=\"link\" data-id=\"https:\/\/www.nobatek.com\/en\/energy\/decarbonised-renewable-energy-storage\/\">Decarbonised energy, renewable energy mix and storage<\/a><\/li>\n\n\n\n<li><a href=\"https:\/\/www.nobatek.com\/en\/energy\/metrics-performance-guarantee\/\" data-type=\"link\" data-id=\"https:\/\/www.nobatek.com\/en\/energy\/metrics-performance-guarantee\/\">Metrics and performance guarantee<\/a><\/li>\n\n\n\n<li><a href=\"https:\/\/www.nobatek.com\/en\/energy\/networks-flexibility\/\" data-type=\"link\" data-id=\"https:\/\/www.nobatek.com\/en\/energy\/networks-flexibility\/\">Energy flexibility in networks<\/a><\/li>\n<\/ul>\n<\/div>\n\n\n\n<div class=\"wp-block-coopi-column\">\n<figure class=\"wp-block-coopi-image\"><img loading=\"lazy\" decoding=\"async\" width=\"1000\" height=\"750\" src=\"https:\/\/www.nobatek.com\/app\/uploads\/2024\/08\/FOCUS2018_CHAP3_PART3_-Illu_VERTIGE_1_low.jpg\" alt=\"toit v\u00e9g\u00e9talis\u00e9 avec des plantes vertes\" class=\"wp-image-31\" \/><\/figure>\n\n\n\n<h3 class=\"wp-block-heading has-text-align-center\">Environment<\/h3>\n\n\n\n<ul class=\"wp-block-list\">\n<li><a href=\"https:\/\/www.nobatek.com\/en\/environment\/adaptation-climate-change\/\" data-type=\"link\" data-id=\"https:\/\/www.nobatek.com\/en\/environment\/adaptation-climate-change\/\">Adaptation to climate change<\/a><\/li>\n\n\n\n<li><a href=\"https:\/\/www.nobatek.com\/en\/environment\/evaluation-mitigation-environmental-impacts\/\" data-type=\"link\" data-id=\"https:\/\/www.nobatek.com\/en\/environment\/evaluation-mitigation-environmental-impacts\/\">Evaluation and mitigation of environmental impacts: carbon, biodiversity, water<\/a><\/li>\n<\/ul>\n<\/div>\n\n\n\n<div class=\"wp-block-coopi-column\">\n<figure class=\"wp-block-coopi-image\"><img loading=\"lazy\" decoding=\"async\" width=\"1000\" height=\"687\" src=\"https:\/\/www.nobatek.com\/app\/uploads\/2024\/08\/version-table-valise-immersite.jpg\" alt=\"3 personnes en train de faire de la planification urbaine autour d'une table num\u00e9rique qui mod\u00e9lise la ville en 3D\" class=\"wp-image-32\" \/><\/figure>\n\n\n\n<h3 class=\"wp-block-heading has-text-align-center\">Uses<\/h3>\n\n\n\n<ul class=\"wp-block-list\">\n<li><a href=\"https:\/\/www.nobatek.com\/en\/uses\/digital-twin-training\/\" data-type=\"link\" data-id=\"https:\/\/www.nobatek.com\/en\/uses\/digital-twin-training\/\">Digital twin for support in decision-making and training<\/a><\/li>\n<\/ul>\n<\/div>\n<\/div>\n<\/div>\n\n\n\n<div class=\"wp-block-coopi-section\">\n<h2 class=\"wp-block-heading has-text-align-center\">Project references<\/h2>\n\n\n\n<hr class=\"wp-block-coopi-separator\" \/>\n\n\n<\/div>\n\n\n\n<p><\/p>\n","protected":false},"excerpt":{"rendered":"","protected":false},"author":1,"featured_media":801,"parent":0,"menu_order":0,"comment_status":"closed","ping_status":"open","template":"","meta":{"_acf_changed":false,"footnotes":""},"class_list":["post-2","page","type-page","status-publish","has-post-thumbnail","hentry"],"acf":[],"_links":{"self":[{"href":"https:\/\/www.nobatek.com\/en\/wp-json\/wp\/v2\/pages\/2","targetHints":{"allow":["GET"]}}],"collection":[{"href":"https:\/\/www.nobatek.com\/en\/wp-json\/wp\/v2\/pages"}],"about":[{"href":"https:\/\/www.nobatek.com\/en\/wp-json\/wp\/v2\/types\/page"}],"author":[{"embeddable":true,"href":"https:\/\/www.nobatek.com\/en\/wp-json\/wp\/v2\/users\/1"}],"replies":[{"embeddable":true,"href":"https:\/\/www.nobatek.com\/en\/wp-json\/wp\/v2\/comments?post=2"}],"version-history":[{"count":0,"href":"https:\/\/www.nobatek.com\/en\/wp-json\/wp\/v2\/pages\/2\/revisions"}],"wp:featuredmedia":[{"embeddable":true,"href":"https:\/\/www.nobatek.com\/en\/wp-json\/wp\/v2\/media\/801"}],"wp:attachment":[{"href":"https:\/\/www.nobatek.com\/en\/wp-json\/wp\/v2\/media?parent=2"}],"curies":[{"name":"wp","href":"https:\/\/api.w.org\/{rel}","templated":true}]}}