{"id":817,"date":"2026-01-26T11:24:07","date_gmt":"2026-01-26T10:24:07","guid":{"rendered":"https:\/\/www.nobatek.com\/en\/?page_id=817"},"modified":"2026-01-26T11:24:07","modified_gmt":"2026-01-26T10:24:07","slug":"product-development","status":"publish","type":"page","link":"https:\/\/www.nobatek.com\/en\/our-services\/product-development\/","title":{"rendered":"Product development and support for market launch"},"content":{"rendered":"\n<div class=\"wp-block-coopi-section\">\n<div class=\"wp-block-coopi-hero-title\"><h2 class=\"wp-block-coopi-hero-title__title\"><em class=\"wp-block-coopi-hero-title__prefix\" title=\"displayPrefix\"><\/em><span class=\"wp-block-coopi-hero-title__title\" title=\"displayTitle\">Helping you develop and bring to market products that support <strong>transitions in the sector.<\/strong><\/span><\/h2><\/div>\n<\/div>\n\n\n\n<div class=\"wp-block-coopi-section\">\n<h2 class=\"wp-block-heading has-text-align-center\">What we offer<\/h2>\n\n\n\n<hr class=\"wp-block-coopi-separator\" \/>\n\n\n\n<div class=\"wp-block-coopi-columns\">\n<div class=\"wp-block-coopi-column\">\n<h3 class=\"wp-block-heading\">Orienting R&amp;D and product strategy<\/h3>\n\n\n\n<ul class=\"wp-block-list\">\n<li>Prior art searches, state of the art<\/li>\n<\/ul>\n\n\n\n<ul class=\"wp-block-list\">\n<li>Benchmarking current markets<\/li>\n<\/ul>\n<\/div>\n\n\n\n<div class=\"wp-block-coopi-column\">\n<h3 class=\"wp-block-heading\">Secure the key stages of design<\/h3>\n\n\n\n<ul class=\"wp-block-list\">\n<li>Eco-design<\/li>\n\n\n\n<li>Formulation, prototyping<\/li>\n\n\n\n<li>Multiphysics modelling and simulation<\/li>\n\n\n\n<li>Performance validation (on test benches or in situ)<\/li>\n<\/ul>\n<\/div>\n\n\n\n<div class=\"wp-block-coopi-column\">\n<h3 class=\"wp-block-heading\">Evaluate and dismantle your performance<\/h3>\n\n\n\n<ul class=\"wp-block-list\">\n<li>Search for demonstration buildings<\/li>\n\n\n\n<li>Instrumentation, monitoring and analysis<\/li>\n<\/ul>\n<\/div>\n\n\n\n<div class=\"wp-block-coopi-column\">\n<h3 class=\"wp-block-heading\">Securing access to the market<\/h3>\n\n\n\n<ul class=\"wp-block-list\">\n<li>Production and verification of FDES\/PEP, configurators and EPDs<\/li>\n\n\n\n<li>Title V\/ATEx\/Technical Assessment\/ETN<\/li>\n\n\n\n<li>CE marking, labels<\/li>\n\n\n\n<li>Sizing tools for specifications\/training<\/li>\n<\/ul>\n<\/div>\n<\/div>\n\n\n\n<div class=\"wp-block-coopi-buttons\">\n<div class=\"wp-block-coopi-button\"><a class=\"wp-coopi-block-button__link wp-element-button\" href=\"https:\/\/www.nobatek.com\/en\/contact-us\/\" target=\"_blank\" rel=\"noreferrer noopener\">Contact us<\/a><\/div>\n<\/div>\n<\/div>\n\n\n\n<div class=\"wp-block-coopi-section\">\n<div class=\"wp-block-coopi-media-text\"><figure class=\"wp-block-media-text__media\"><img loading=\"lazy\" decoding=\"async\" width=\"1500\" height=\"676\" src=\"https:\/\/www.nobatek.com\/app\/uploads\/2025\/12\/IMG_20220621_171013_.jpg\" alt=\"\u00e9quipe d'ing\u00e9nieurs de NOBATEK sp\u00e9cialis\u00e9s dans le d\u00e9veloppement produits et l'accompagnement \u00e0 la mise sur le march\u00e9\" class=\"wp-image-821 size-undefined\" \/><\/figure><div class=\"wp-block-media-text__content\">\n<h2 class=\"wp-block-heading\">What differentiates us<\/h2>\n\n\n\n<ul class=\"wp-block-list\">\n<li>Helping you take a step back by providing an outside perspective<\/li>\n\n\n\n<li>Skills combined within a single project team (energy, carbon, data, product)<\/li>\n\n\n\n<li>Anticipating key stages and dynamic management to help you save time<\/li>\n<\/ul>\n\n\n\n<p><br><br><br><br><\/p>\n<\/div><\/div>\n<\/div>\n\n\n\n<div class=\"wp-block-coopi-section\">\n<h2 class=\"wp-block-heading has-text-align-center\">Our qualifications<\/h2>\n\n\n\n<hr class=\"wp-block-separator has-alpha-channel-opacity\" \/>\n\n\n\n<div class=\"wp-block-coopi-columns\">\n<div class=\"wp-block-coopi-column\">\n<figure class=\"wp-block-coopi-image\"><img loading=\"lazy\" decoding=\"async\" width=\"267\" height=\"147\" src=\"https:\/\/www.nobatek.com\/app\/uploads\/2025\/02\/logo-site-pep-ecopassport.jpg\" alt=\"\" class=\"wp-image-820\" \/><\/figure>\n<\/div>\n\n\n\n<div class=\"wp-block-coopi-column\">\n<figure class=\"wp-block-coopi-image\"><img loading=\"lazy\" decoding=\"async\" width=\"267\" height=\"147\" src=\"https:\/\/www.nobatek.com\/app\/uploads\/2025\/02\/logo-site-fdes-verifiee-inies.jpg\" alt=\"\" class=\"wp-image-819\" \/><\/figure>\n<\/div>\n<\/div>\n\n\n\n<hr class=\"wp-block-coopi-separator\" \/>\n<\/div>\n\n\n\n<div class=\"wp-block-coopi-section\">\n<h2 class=\"wp-block-heading has-text-align-center\">Our facilities<\/h2>\n\n\n\n<hr class=\"wp-block-coopi-separator\" \/>\n\n\n\n<p class=\"has-text-align-center\">Prototyping \u2013 Formulation \u2013 Controlled environment testing \u2013 Semi-virtual testing<\/p>\n\n\n\n<div class=\"wp-block-coopi-columns\">\n<div class=\"wp-block-coopi-column\">\n<h3 class=\"wp-block-heading\">1,000 m\u00b2 of laboratories and testing platforms<\/h3>\n\n\n\n<ul class=\"wp-block-list\">\n<li>Test bench for building envelopes and facades under real conditions \u2013 3 locations (Bordeaux)<\/li>\n\n\n\n<li>AEV (Air-Water-Wind) test bench + nearby prototyping space (Bordeaux)<\/li>\n\n\n\n<li>Prototyping and testing platform for renewable energy and HVAC systems (Bordeaux)<\/li>\n\n\n\n<li>Prototyping and testing platform for construction materials and systems (Anglet)<\/li>\n<\/ul>\n<\/div>\n\n\n\n<div class=\"wp-block-coopi-column\">\n<h3 class=\"wp-block-heading\">Advanced modelling and internal tools<\/h3>\n\n\n\n<ul class=\"wp-block-list\">\n<li>Internal developments: dimensioning tools, FDES configurators, etc.<\/li>\n\n\n\n<li>WUFI<\/li>\n\n\n\n<li>COMSOL<\/li>\n\n\n\n<li>EnergyPlus and Pleiade<\/li>\n\n\n\n<li>T-Splines, Grasshopper and Inventor<\/li>\n\n\n\n<li>Modelica and OMPython<\/li>\n<\/ul>\n<\/div>\n<\/div>\n\n\n\n<div class=\"wp-block-coopi-buttons\">\n<div class=\"wp-block-coopi-button\"><a class=\"wp-coopi-block-button__link wp-element-button\" href=\"https:\/\/www.nobatek.com\/en\/about-us\/our-facilities\/\" target=\"_blank\" rel=\"noreferrer noopener\">Check our facilities<\/a><\/div>\n<\/div>\n<\/div>\n","protected":false},"excerpt":{"rendered":"","protected":false},"author":3,"featured_media":818,"parent":822,"menu_order":0,"comment_status":"closed","ping_status":"closed","template":"","meta":{"_acf_changed":false,"footnotes":""},"class_list":["post-817","page","type-page","status-publish","has-post-thumbnail","hentry"],"acf":[],"_links":{"self":[{"href":"https:\/\/www.nobatek.com\/en\/wp-json\/wp\/v2\/pages\/817","targetHints":{"allow":["GET"]}}],"collection":[{"href":"https:\/\/www.nobatek.com\/en\/wp-json\/wp\/v2\/pages"}],"about":[{"href":"https:\/\/www.nobatek.com\/en\/wp-json\/wp\/v2\/types\/page"}],"author":[{"embeddable":true,"href":"https:\/\/www.nobatek.com\/en\/wp-json\/wp\/v2\/users\/3"}],"replies":[{"embeddable":true,"href":"https:\/\/www.nobatek.com\/en\/wp-json\/wp\/v2\/comments?post=817"}],"version-history":[{"count":0,"href":"https:\/\/www.nobatek.com\/en\/wp-json\/wp\/v2\/pages\/817\/revisions"}],"up":[{"embeddable":true,"href":"https:\/\/www.nobatek.com\/en\/wp-json\/wp\/v2\/pages\/822"}],"wp:featuredmedia":[{"embeddable":true,"href":"https:\/\/www.nobatek.com\/en\/wp-json\/wp\/v2\/media\/818"}],"wp:attachment":[{"href":"https:\/\/www.nobatek.com\/en\/wp-json\/wp\/v2\/media?parent=817"}],"curies":[{"name":"wp","href":"https:\/\/api.w.org\/{rel}","templated":true}]}}