{"id":825,"date":"2026-01-26T11:47:22","date_gmt":"2026-01-26T10:47:22","guid":{"rendered":"https:\/\/www.nobatek.com\/en\/?page_id=825"},"modified":"2026-01-26T11:47:22","modified_gmt":"2026-01-26T10:47:22","slug":"aca-engineering","status":"publish","type":"page","link":"https:\/\/www.nobatek.com\/en\/our-services\/aca-engineering\/","title":{"rendered":"Project management assistance and engineering"},"content":{"rendered":"\n<div class=\"wp-block-coopi-section\">\n<div class=\"wp-block-coopi-hero-title\"><h2 class=\"wp-block-coopi-hero-title__title\"><em class=\"wp-block-coopi-hero-title__prefix\" title=\"displayPrefix\"><\/em><span class=\"wp-block-coopi-hero-title__title\" title=\"displayTitle\">Energy, environment, circular economy, summer comfort, resilience, innovation.<\/span><\/h2><\/div>\n<\/div>\n\n\n\n<div class=\"wp-block-coopi-section\">\n<h2 class=\"wp-block-heading has-text-align-center\">What we offer<\/h2>\n\n\n\n<hr class=\"wp-block-coopi-separator\" \/>\n\n\n\n<div class=\"wp-block-coopi-columns\">\n<div class=\"wp-block-coopi-column\">\n<h3 class=\"wp-block-heading\">Audits and project management assistance<\/h3>\n\n\n\n<ul class=\"wp-block-list\">\n<li>Energy audits, tertiary sector decree<\/li>\n\n\n\n<li>Building conversion audits<\/li>\n\n\n\n<li>Project management assistance for environmental issues, reuse, adaptation<\/li>\n\n\n\n<li>Diagnostics<\/li>\n<\/ul>\n<\/div>\n\n\n\n<div class=\"wp-block-coopi-column\">\n<h3 class=\"wp-block-heading\">Group design and guidelines<\/h3>\n\n\n\n<ul class=\"wp-block-list\">\n<li>STD, SED, energy flexibility studies<\/li>\n\n\n\n<li>LCA Building\/Neighbourhood<\/li>\n\n\n\n<li>Reuse initiatives<\/li>\n\n\n\n<li>Bioclimatic designs<\/li>\n<\/ul>\n<\/div>\n\n\n\n<div class=\"wp-block-coopi-column\">\n<h3 class=\"wp-block-heading\">Performance management<\/h3>\n\n\n\n<ul class=\"wp-block-list\">\n<li>MGP \/ IPMVP<\/li>\n\n\n\n<li>Commissioning<\/li>\n<\/ul>\n<\/div>\n\n\n\n<div class=\"wp-block-coopi-column\">\n<h3 class=\"wp-block-heading\">Expertise \/ Non-standard techniques<\/h3>\n\n\n\n<ul class=\"wp-block-list\">\n<li>Sourcing innovative, local solutions<\/li>\n\n\n\n<li>Dimensioning, simulations (thermal break, energy systems)<\/li>\n\n\n\n<li>Title V, Atex, monitoring<\/li>\n<\/ul>\n<\/div>\n<\/div>\n\n\n\n<div class=\"wp-block-coopi-buttons\">\n<div class=\"wp-block-coopi-button\"><a class=\"wp-coopi-block-button__link wp-element-button\" href=\"https:\/\/www.nobatek.com\/en\/contact-us\/\" target=\"_blank\" rel=\"noreferrer noopener\">Contact us<\/a><\/div>\n<\/div>\n<\/div>\n\n\n\n<div class=\"wp-block-coopi-section\">\n<div class=\"wp-block-coopi-media-text\"><figure class=\"wp-block-media-text__media\"><img loading=\"lazy\" decoding=\"async\" width=\"600\" height=\"332\" src=\"https:\/\/www.nobatek.com\/app\/uploads\/2025\/12\/team-ingenierie.jpg\" alt=\"L'\u00e9quipe d'ing\u00e9nieurs de NOBATEK, sp\u00e9cialis\u00e9e dans l'assistance \u00e0 ma\u00eetrise d'ouvrage et l'ing\u00e9nierie du b\u00e2timent\" class=\"wp-image-826 size-undefined\" \/><\/figure><div class=\"wp-block-media-text__content\">\n<h2 class=\"wp-block-heading\">What differentiates us<\/h2>\n\n\n\n<ul class=\"wp-block-list\">\n<li>Offer in-depth expertise, backed by continuous scientific and technical development, to adjust and justify the performance of your operation<\/li>\n\n\n\n<li>Challenge you and be a source of proposals during the competition phase, offering new ideas and innovations at the right level to meet the project owner&#8217;s expectations<\/li>\n\n\n\n<li>Facilitate interaction between different trades during the operation, as we work at the intersection of several areas of expertise (carbon, energy, water, circular economy, adaptation, comfort, etc.)<\/li>\n<\/ul>\n\n\n\n<p><br><br><br><br><\/p>\n<\/div><\/div>\n<\/div>\n\n\n\n<div class=\"wp-block-coopi-section\">\n<h2 class=\"wp-block-heading has-text-align-center\">Our qualifications<\/h2>\n\n\n\n<hr class=\"wp-block-separator has-alpha-channel-opacity\" \/>\n\n\n\n<div class=\"wp-block-coopi-columns\">\n<div class=\"wp-block-coopi-column\">\n<figure class=\"wp-block-coopi-image\"><img loading=\"lazy\" decoding=\"async\" width=\"267\" height=\"147\" src=\"https:\/\/www.nobatek.com\/app\/uploads\/2025\/01\/hqe.jpg\" alt=\"HQE b\u00e2timent durable\" class=\"wp-image-827\" \/><\/figure>\n<\/div>\n\n\n\n<div class=\"wp-block-coopi-column\">\n<figure class=\"wp-block-coopi-image\"><img loading=\"lazy\" decoding=\"async\" width=\"267\" height=\"147\" src=\"https:\/\/www.nobatek.com\/app\/uploads\/2025\/01\/NF-habitat.jpg\" alt=\"NF habitat\" class=\"wp-image-828\" \/><\/figure>\n<\/div>\n\n\n\n<div class=\"wp-block-coopi-column\">\n<figure class=\"wp-block-coopi-image\"><img loading=\"lazy\" decoding=\"async\" width=\"267\" height=\"147\" src=\"https:\/\/www.nobatek.com\/app\/uploads\/2025\/01\/BDNA.jpg\" alt=\"BDNA\" class=\"wp-image-829\" \/><\/figure>\n<\/div>\n<\/div>\n\n\n\n<div class=\"wp-block-coopi-columns\">\n<div class=\"wp-block-coopi-column\">\n<figure class=\"wp-block-coopi-image\"><img loading=\"lazy\" decoding=\"async\" width=\"267\" height=\"147\" src=\"https:\/\/www.nobatek.com\/app\/uploads\/2025\/01\/bdo.jpg\" alt=\"BDO\" class=\"wp-image-830\" \/><\/figure>\n<\/div>\n\n\n\n<div class=\"wp-block-coopi-column\">\n<figure class=\"wp-block-coopi-image\"><img loading=\"lazy\" decoding=\"async\" width=\"267\" height=\"147\" src=\"https:\/\/www.nobatek.com\/app\/uploads\/2025\/01\/circolab.jpg\" alt=\"circolab\" class=\"wp-image-831\" \/><\/figure>\n<\/div>\n\n\n\n<div class=\"wp-block-coopi-column\">\n<figure class=\"wp-block-coopi-image\"><img loading=\"lazy\" decoding=\"async\" width=\"267\" height=\"147\" src=\"https:\/\/www.nobatek.com\/app\/uploads\/2025\/01\/breeam.jpg\" alt=\"breeam\" class=\"wp-image-832\" \/><\/figure>\n<\/div>\n<\/div>\n\n\n\n<div class=\"wp-block-coopi-columns\">\n<div class=\"wp-block-coopi-column\">\n<figure class=\"wp-block-coopi-image\"><img loading=\"lazy\" decoding=\"async\" width=\"267\" height=\"147\" src=\"https:\/\/www.nobatek.com\/app\/uploads\/2025\/01\/cmvp.jpg\" alt=\"CMVP\" class=\"wp-image-833\" \/><\/figure>\n<\/div>\n\n\n\n<div class=\"wp-block-coopi-column\">\n<figure class=\"wp-block-coopi-image\"><img loading=\"lazy\" decoding=\"async\" width=\"267\" height=\"147\" src=\"https:\/\/www.nobatek.com\/app\/uploads\/2025\/01\/PMVA.jpg\" alt=\"PMVA\" class=\"wp-image-834\" \/><\/figure>\n<\/div>\n\n\n\n<div class=\"wp-block-coopi-column\">\n<figure class=\"wp-block-coopi-image\"><img loading=\"lazy\" decoding=\"async\" width=\"267\" height=\"147\" src=\"https:\/\/www.nobatek.com\/app\/uploads\/2025\/01\/opqibi.jpg\" alt=\"opqibi\" class=\"wp-image-835\" \/><\/figure>\n<\/div>\n<\/div>\n<\/div>\n","protected":false},"excerpt":{"rendered":"","protected":false},"author":3,"featured_media":836,"parent":822,"menu_order":0,"comment_status":"closed","ping_status":"closed","template":"","meta":{"_acf_changed":false,"footnotes":""},"class_list":["post-825","page","type-page","status-publish","has-post-thumbnail","hentry"],"acf":[],"_links":{"self":[{"href":"https:\/\/www.nobatek.com\/en\/wp-json\/wp\/v2\/pages\/825","targetHints":{"allow":["GET"]}}],"collection":[{"href":"https:\/\/www.nobatek.com\/en\/wp-json\/wp\/v2\/pages"}],"about":[{"href":"https:\/\/www.nobatek.com\/en\/wp-json\/wp\/v2\/types\/page"}],"author":[{"embeddable":true,"href":"https:\/\/www.nobatek.com\/en\/wp-json\/wp\/v2\/users\/3"}],"replies":[{"embeddable":true,"href":"https:\/\/www.nobatek.com\/en\/wp-json\/wp\/v2\/comments?post=825"}],"version-history":[{"count":0,"href":"https:\/\/www.nobatek.com\/en\/wp-json\/wp\/v2\/pages\/825\/revisions"}],"up":[{"embeddable":true,"href":"https:\/\/www.nobatek.com\/en\/wp-json\/wp\/v2\/pages\/822"}],"wp:featuredmedia":[{"embeddable":true,"href":"https:\/\/www.nobatek.com\/en\/wp-json\/wp\/v2\/media\/836"}],"wp:attachment":[{"href":"https:\/\/www.nobatek.com\/en\/wp-json\/wp\/v2\/media?parent=825"}],"curies":[{"name":"wp","href":"https:\/\/api.w.org\/{rel}","templated":true}]}}