{"id":838,"date":"2026-01-26T12:04:01","date_gmt":"2026-01-26T11:04:01","guid":{"rendered":"https:\/\/www.nobatek.com\/en\/?page_id=838"},"modified":"2026-01-29T15:28:20","modified_gmt":"2026-01-29T14:28:20","slug":"advice-tools-organisations","status":"publish","type":"page","link":"https:\/\/www.nobatek.com\/en\/our-services\/advice-tools-organisations\/","title":{"rendered":"Advice and tools for organisations"},"content":{"rendered":"\n<div class=\"wp-block-coopi-section\">\n<div class=\"wp-block-coopi-hero-title\"><h2 class=\"wp-block-coopi-hero-title__title\"><em class=\"wp-block-coopi-hero-title__prefix\" title=\"displayPrefix\"><\/em><span class=\"wp-block-coopi-hero-title__title\" title=\"displayTitle\">Strategic support, software development and <strong>facilitation of collective initiatives<\/strong>.<\/span><\/h2><\/div>\n<\/div>\n\n\n\n<div class=\"wp-block-coopi-section\">\n<h2 class=\"wp-block-heading has-text-align-center\">What we offer<\/h2>\n\n\n\n<hr class=\"wp-block-coopi-separator\" \/>\n\n\n\n<div class=\"wp-block-coopi-columns\">\n<div class=\"wp-block-coopi-column\">\n<h3 class=\"wp-block-heading\">Strategies and studies<\/h3>\n\n\n\n<ul class=\"wp-block-list\">\n<li>Reuse strategies, bio-geosourced<\/li>\n\n\n\n<li>Vulnerability diagnostics, resilience of property portfolios<\/li>\n\n\n\n<li>Renovation master plans<\/li>\n\n\n\n<li>Urban digital twin project management assistance<\/li>\n<\/ul>\n<\/div>\n\n\n\n<div class=\"wp-block-coopi-column\">\n<h3 class=\"wp-block-heading\">Facilitation of collective initiatives<\/h3>\n\n\n\n<ul class=\"wp-block-list\">\n<li>Workshops (climate, construction, renovation)<\/li>\n\n\n\n<li>Technical studies for professional sectors and trade unions<\/li>\n\n\n\n<li>Guides and reference documents<\/li>\n<\/ul>\n<\/div>\n\n\n\n<div class=\"wp-block-coopi-column\">\n<h3 class=\"wp-block-heading\">Digital tools<\/h3>\n\n\n\n<ul class=\"wp-block-list\">\n<li>FDES and PEP configurators<\/li>\n\n\n\n<li>Internal or B2B business tools<\/li>\n\n\n\n<li>Serious game training software<\/li>\n<\/ul>\n<\/div>\n\n\n\n<div class=\"wp-block-coopi-column\">\n<h3 class=\"wp-block-heading\">Training<\/h3>\n\n\n\n<ul class=\"wp-block-list\">\n<li>Tailor-made<\/li>\n\n\n\n<li>Short and long courses<\/li>\n\n\n\n<li>Intra- or inter-company<\/li>\n<\/ul>\n<\/div>\n<\/div>\n\n\n\n<div class=\"wp-block-coopi-buttons\">\n<div class=\"wp-block-coopi-button\"><a class=\"wp-coopi-block-button__link wp-element-button\" href=\"https:\/\/www.nobatek.com\/en\/contact-us\/\">Contact us<\/a><\/div>\n<\/div>\n<\/div>\n\n\n\n<div class=\"wp-block-coopi-section\">\n<div class=\"wp-block-coopi-media-text\"><figure class=\"wp-block-media-text__media\"><img loading=\"lazy\" decoding=\"async\" width=\"600\" height=\"337\" src=\"https:\/\/www.nobatek.com\/app\/uploads\/2025\/12\/CONSEIL_OUTIL_FULLTEAM_web.jpg\" alt=\"L'\u00e9quipe de NOBATEK sp\u00e9cialis\u00e9e dans le conseil et l'outillage des organisations\" class=\"wp-image-840 size-undefined\" \/><\/figure><div class=\"wp-block-media-text__content\">\n<h2 class=\"wp-block-heading\">What differentiates us<\/h2>\n\n\n\n<ul class=\"wp-block-list\">\n<li>Providing input for your strategic thinking, auditing your organisation<\/li>\n\n\n\n<li>Translating your strategy into reality on the ground<\/li>\n\n\n\n<li>Developing customised digital tools and approaches<\/li>\n\n\n\n<li>Motivating and energising groups (employees, customers, suppliers or partners)<\/li>\n<\/ul>\n\n\n\n<p><br><br><br><br><\/p>\n<\/div><\/div>\n<\/div>\n\n\n\n<div class=\"wp-block-coopi-section\">\n<h2 class=\"wp-block-heading has-text-align-center\">Our qualifications<\/h2>\n\n\n\n<hr class=\"wp-block-separator has-alpha-channel-opacity\" \/>\n\n\n\n<div class=\"wp-block-coopi-columns\">\n<div class=\"wp-block-coopi-column\">\n<figure class=\"wp-block-coopi-image\"><img loading=\"lazy\" decoding=\"async\" width=\"310\" height=\"272\" src=\"https:\/\/www.nobatek.com\/app\/uploads\/2025\/01\/miniature-qualiopi.jpg\" alt=\"logo qualiopi\" class=\"wp-image-940\" \/><\/figure>\n<\/div>\n\n\n\n<div class=\"wp-block-coopi-column\">\n<figure class=\"wp-block-coopi-image\"><img loading=\"lazy\" decoding=\"async\" width=\"267\" height=\"147\" src=\"https:\/\/www.nobatek.com\/app\/uploads\/2025\/02\/logo-site-fdes-verifiee-inies.jpg\" alt=\"\" class=\"wp-image-819\" \/><\/figure>\n<\/div>\n\n\n\n<div class=\"wp-block-coopi-column\">\n<figure class=\"wp-block-coopi-image\"><img loading=\"lazy\" decoding=\"async\" width=\"267\" height=\"147\" src=\"https:\/\/www.nobatek.com\/app\/uploads\/2025\/02\/logo-site-pep-ecopassport.jpg\" alt=\"\" class=\"wp-image-820\" \/><\/figure>\n<\/div>\n<\/div>\n<\/div>\n\n\n\n<p><\/p>\n","protected":false},"excerpt":{"rendered":"","protected":false},"author":3,"featured_media":842,"parent":822,"menu_order":0,"comment_status":"closed","ping_status":"closed","template":"","meta":{"_acf_changed":false,"footnotes":""},"class_list":["post-838","page","type-page","status-publish","has-post-thumbnail","hentry"],"acf":[],"_links":{"self":[{"href":"https:\/\/www.nobatek.com\/en\/wp-json\/wp\/v2\/pages\/838","targetHints":{"allow":["GET"]}}],"collection":[{"href":"https:\/\/www.nobatek.com\/en\/wp-json\/wp\/v2\/pages"}],"about":[{"href":"https:\/\/www.nobatek.com\/en\/wp-json\/wp\/v2\/types\/page"}],"author":[{"embeddable":true,"href":"https:\/\/www.nobatek.com\/en\/wp-json\/wp\/v2\/users\/3"}],"replies":[{"embeddable":true,"href":"https:\/\/www.nobatek.com\/en\/wp-json\/wp\/v2\/comments?post=838"}],"version-history":[{"count":0,"href":"https:\/\/www.nobatek.com\/en\/wp-json\/wp\/v2\/pages\/838\/revisions"}],"up":[{"embeddable":true,"href":"https:\/\/www.nobatek.com\/en\/wp-json\/wp\/v2\/pages\/822"}],"wp:featuredmedia":[{"embeddable":true,"href":"https:\/\/www.nobatek.com\/en\/wp-json\/wp\/v2\/media\/842"}],"wp:attachment":[{"href":"https:\/\/www.nobatek.com\/en\/wp-json\/wp\/v2\/media?parent=838"}],"curies":[{"name":"wp","href":"https:\/\/api.w.org\/{rel}","templated":true}]}}